{"id":1016,"date":"2022-10-19T15:20:29","date_gmt":"2022-10-19T15:20:29","guid":{"rendered":"https:\/\/www.conexionesculturales.com\/en\/?page_id=1016"},"modified":"2024-08-01T19:45:34","modified_gmt":"2024-08-01T19:45:34","slug":"conexion-sonica","status":"publish","type":"page","link":"https:\/\/www.conexionesculturales.com\/en\/conexion-sonica\/","title":{"rendered":"Conexi\u00f3n S\u00f3nica"},"content":{"rendered":"\t\t<div data-elementor-type=\"wp-page\" data-elementor-id=\"1016\" class=\"elementor elementor-1016\">\n\t\t\t\t\t\t<section class=\"elementor-section elementor-top-section elementor-element elementor-element-cf09109 elementor-section-height-min-height elementor-section-stretched elementor-section-full_width elementor-section-height-default elementor-section-items-middle\" data-id=\"cf09109\" data-element_type=\"section\" data-settings=\"{&quot;stretch_section&quot;:&quot;section-stretched&quot;,&quot;background_background&quot;:&quot;slideshow&quot;,&quot;background_slideshow_gallery&quot;:[{&quot;id&quot;:454,&quot;url&quot;:&quot;https:\\\/\\\/www.conexionesculturales.com\\\/en\\\/wp-content\\\/uploads\\\/2021\\\/08\\\/HEADER-CARRUSEL_7-1.png&quot;},{&quot;id&quot;:455,&quot;url&quot;:&quot;https:\\\/\\\/www.conexionesculturales.com\\\/en\\\/wp-content\\\/uploads\\\/2021\\\/08\\\/HEADER-CARRUSEL_6-1.png&quot;},{&quot;id&quot;:453,&quot;url&quot;:&quot;https:\\\/\\\/www.conexionesculturales.com\\\/en\\\/wp-content\\\/uploads\\\/2021\\\/08\\\/HEADER-CARRUSEL_4-1.png&quot;},{&quot;id&quot;:452,&quot;url&quot;:&quot;https:\\\/\\\/www.conexionesculturales.com\\\/en\\\/wp-content\\\/uploads\\\/2021\\\/08\\\/HEADER-CARRUSEL_3-1.png&quot;},{&quot;id&quot;:451,&quot;url&quot;:&quot;https:\\\/\\\/www.conexionesculturales.com\\\/en\\\/wp-content\\\/uploads\\\/2021\\\/08\\\/HEADER-CARRUSEL_2-1.png&quot;},{&quot;id&quot;:450,&quot;url&quot;:&quot;https:\\\/\\\/www.conexionesculturales.com\\\/en\\\/wp-content\\\/uploads\\\/2021\\\/08\\\/HEADER-CARRUSEL_1-1.png&quot;},{&quot;id&quot;:1071,&quot;url&quot;:&quot;https:\\\/\\\/www.conexionesculturales.com\\\/en\\\/wp-content\\\/uploads\\\/2022\\\/11\\\/CCLA_CS_portada_11.jpg&quot;},{&quot;id&quot;:1070,&quot;url&quot;:&quot;https:\\\/\\\/www.conexionesculturales.com\\\/en\\\/wp-content\\\/uploads\\\/2022\\\/11\\\/CCLA_CS_portada_10.jpg&quot;},{&quot;id&quot;:1069,&quot;url&quot;:&quot;https:\\\/\\\/www.conexionesculturales.com\\\/en\\\/wp-content\\\/uploads\\\/2022\\\/11\\\/CCLA_CS_portada_08.jpg&quot;},{&quot;id&quot;:1068,&quot;url&quot;:&quot;https:\\\/\\\/www.conexionesculturales.com\\\/en\\\/wp-content\\\/uploads\\\/2022\\\/11\\\/CCLA_CS_portada_07.jpg&quot;},{&quot;id&quot;:1066,&quot;url&quot;:&quot;https:\\\/\\\/www.conexionesculturales.com\\\/en\\\/wp-content\\\/uploads\\\/2022\\\/11\\\/CCLA_CS_portada_05.jpg&quot;},{&quot;id&quot;:1067,&quot;url&quot;:&quot;https:\\\/\\\/www.conexionesculturales.com\\\/en\\\/wp-content\\\/uploads\\\/2022\\\/11\\\/CCLA_CS_portada_06.jpg&quot;},{&quot;id&quot;:1064,&quot;url&quot;:&quot;https:\\\/\\\/www.conexionesculturales.com\\\/en\\\/wp-content\\\/uploads\\\/2022\\\/11\\\/CCLA_CS_portada_03.jpg&quot;},{&quot;id&quot;:1063,&quot;url&quot;:&quot;https:\\\/\\\/www.conexionesculturales.com\\\/en\\\/wp-content\\\/uploads\\\/2022\\\/11\\\/CCLA_CS_portada_02.jpg&quot;},{&quot;id&quot;:1062,&quot;url&quot;:&quot;https:\\\/\\\/www.conexionesculturales.com\\\/en\\\/wp-content\\\/uploads\\\/2022\\\/11\\\/CCLA_CS_portada_01.jpg&quot;},{&quot;id&quot;:1065,&quot;url&quot;:&quot;https:\\\/\\\/www.conexionesculturales.com\\\/en\\\/wp-content\\\/uploads\\\/2022\\\/11\\\/CCLA_CS_portada_04.jpg&quot;}],&quot;background_slideshow_slide_transition&quot;:&quot;slide_left&quot;,&quot;background_slideshow_loop&quot;:&quot;yes&quot;,&quot;background_slideshow_slide_duration&quot;:5000,&quot;background_slideshow_transition_duration&quot;:500}\">\n\t\t\t\t\t\t<div class=\"elementor-container elementor-column-gap-default\">\n\t\t\t\t\t<div class=\"elementor-column elementor-col-100 elementor-top-column elementor-element elementor-element-64a6ec21\" data-id=\"64a6ec21\" data-element_type=\"column\">\n\t\t\t<div class=\"elementor-widget-wrap\">\n\t\t\t\t\t\t\t<\/div>\n\t\t<\/div>\n\t\t\t\t\t<\/div>\n\t\t<\/section>\n\t\t\t\t<section class=\"elementor-section elementor-top-section elementor-element elementor-element-3e6ea876 elementor-section-stretched elementor-section-boxed elementor-section-height-default elementor-section-height-default\" data-id=\"3e6ea876\" data-element_type=\"section\" data-settings=\"{&quot;stretch_section&quot;:&quot;section-stretched&quot;,&quot;background_background&quot;:&quot;gradient&quot;}\">\n\t\t\t\t\t\t\t<div class=\"elementor-background-overlay\"><\/div>\n\t\t\t\t\t\t\t<div class=\"elementor-container elementor-column-gap-default\">\n\t\t\t\t\t<div class=\"elementor-column elementor-col-100 elementor-top-column elementor-element elementor-element-61c4d415\" data-id=\"61c4d415\" data-element_type=\"column\">\n\t\t\t<div class=\"elementor-widget-wrap elementor-element-populated\">\n\t\t\t\t\t\t<div class=\"elementor-element elementor-element-e4ee4cb animated-slow elementor-invisible elementor-widget elementor-widget-heading\" data-id=\"e4ee4cb\" data-element_type=\"widget\" data-settings=\"{&quot;_animation&quot;:&quot;fadeInDown&quot;}\" data-widget_type=\"heading.default\">\n\t\t\t\t<div class=\"elementor-widget-container\">\n\t\t\t<style>\/*! elementor - v3.23.0 - 25-07-2024 *\/\n.elementor-heading-title{padding:0;margin:0;line-height:1}.elementor-widget-heading .elementor-heading-title[class*=elementor-size-]>a{color:inherit;font-size:inherit;line-height:inherit}.elementor-widget-heading .elementor-heading-title.elementor-size-small{font-size:15px}.elementor-widget-heading .elementor-heading-title.elementor-size-medium{font-size:19px}.elementor-widget-heading .elementor-heading-title.elementor-size-large{font-size:29px}.elementor-widget-heading .elementor-heading-title.elementor-size-xl{font-size:39px}.elementor-widget-heading .elementor-heading-title.elementor-size-xxl{font-size:59px}<\/style><h2 class=\"elementor-heading-title elementor-size-default\">Conexi\u00f3n S\u00f3nica<\/h2>\t\t<\/div>\n\t\t\t\t<\/div>\n\t\t\t\t<div class=\"elementor-element elementor-element-bb0dcbb animated-slow elementor-invisible elementor-widget elementor-widget-heading\" data-id=\"bb0dcbb\" data-element_type=\"widget\" data-settings=\"{&quot;_animation&quot;:&quot;fadeInDown&quot;}\" data-widget_type=\"heading.default\">\n\t\t\t\t<div class=\"elementor-widget-container\">\n\t\t\t<h2 class=\"elementor-heading-title elementor-size-medium\">Virtual Festival of the network<\/h2>\t\t<\/div>\n\t\t\t\t<\/div>\n\t\t\t\t<div class=\"elementor-element elementor-element-3c7121ff animated-slow elementor-invisible elementor-widget elementor-widget-text-editor\" data-id=\"3c7121ff\" data-element_type=\"widget\" data-settings=\"{&quot;_animation&quot;:&quot;fadeInDown&quot;}\" data-widget_type=\"text-editor.default\">\n\t\t\t\t<div class=\"elementor-widget-container\">\n\t\t\t<style>\/*! elementor - v3.23.0 - 25-07-2024 *\/\n.elementor-widget-text-editor.elementor-drop-cap-view-stacked .elementor-drop-cap{background-color:#69727d;color:#fff}.elementor-widget-text-editor.elementor-drop-cap-view-framed .elementor-drop-cap{color:#69727d;border:3px solid;background-color:transparent}.elementor-widget-text-editor:not(.elementor-drop-cap-view-default) .elementor-drop-cap{margin-top:8px}.elementor-widget-text-editor:not(.elementor-drop-cap-view-default) .elementor-drop-cap-letter{width:1em;height:1em}.elementor-widget-text-editor .elementor-drop-cap{float:left;text-align:center;line-height:1;font-size:50px}.elementor-widget-text-editor .elementor-drop-cap-letter{display:inline-block}<\/style>\t\t\t\t<p><strong>Conexi\u00f3n S\u00f3nica<\/strong> is the brand through which we carry out collaborative actions to develop communication channels and strategies to link audiences at a regional level.<\/p><p>It began as a virtual festival of the Conexiones Culturales de Latinoam\u00e9rica network, which sought to be a space for the <strong>dissemination of Latin American music promoted by the network&#8217;s partners in the region<\/strong>.<\/p><p>During one week, concerts or <strong>docu-concerts<\/strong> were transmitted in a coordinated manner through the social networks of the network and partners, one per day, which are freely accessible and remain as a memory on the platforms for their continuous availability.<\/p><p>In the <strong>first edition<\/strong>, the participants presented docu-concerts, a format in which, in addition to presenting their music, <strong>the performers explain the origins of the instruments and the social contexts in which these musics are developed<\/strong>.<\/p><p>In the <strong>second edition<\/strong>, artists, venues and festivals participated, where the format was diversified, where in addition to presenting docu-concerts, <strong>excerpts of concerts, memories of festivals or activities of their scenic spaces were shared<\/strong>.<\/p>\t\t\t\t\t\t<\/div>\n\t\t\t\t<\/div>\n\t\t\t\t<div class=\"elementor-element elementor-element-df5b9b5 animated-slow elementor-invisible elementor-widget elementor-widget-heading\" data-id=\"df5b9b5\" data-element_type=\"widget\" data-settings=\"{&quot;_animation&quot;:&quot;fadeInUp&quot;}\" data-widget_type=\"heading.default\">\n\t\t\t\t<div class=\"elementor-widget-container\">\n\t\t\t<h2 class=\"elementor-heading-title elementor-size-default\">Past editions<\/h2>\t\t<\/div>\n\t\t\t\t<\/div>\n\t\t\t\t<div class=\"elementor-element elementor-element-36f53ff animated-slow elementor-invisible elementor-widget elementor-widget-premium-img-gallery\" data-id=\"36f53ff\" data-element_type=\"widget\" data-settings=\"{&quot;premium_gallery_img_content&quot;:[{&quot;premium_gallery_img_name&quot;:&quot;2021&quot;,&quot;premium_gallery_img_category&quot;:&quot;Category 1&quot;,&quot;_id&quot;:&quot;c1ae1b7&quot;,&quot;premium_gallery_img&quot;:{&quot;url&quot;:&quot;https:\\\/\\\/www.conexionesculturales.com\\\/en\\\/wp-content\\\/uploads\\\/2022\\\/10\\\/logo2021.png&quot;,&quot;id&quot;:1041,&quot;size&quot;:&quot;&quot;,&quot;alt&quot;:&quot;&quot;,&quot;source&quot;:&quot;library&quot;},&quot;premium_gallery_image_cell&quot;:{&quot;unit&quot;:&quot;px&quot;,&quot;size&quot;:1,&quot;sizes&quot;:[]},&quot;premium_gallery_image_vcell&quot;:{&quot;unit&quot;:&quot;px&quot;,&quot;size&quot;:1,&quot;sizes&quot;:[]},&quot;premium_gallery_img_link_type&quot;:&quot;link&quot;,&quot;premium_gallery_img_existing&quot;:&quot;45&quot;,&quot;premium_gallery_link_whole&quot;:&quot;yes&quot;,&quot;premium_gallery_image_cell_tablet&quot;:{&quot;unit&quot;:&quot;px&quot;,&quot;size&quot;:&quot;&quot;,&quot;sizes&quot;:[]},&quot;premium_gallery_image_cell_mobile&quot;:{&quot;unit&quot;:&quot;px&quot;,&quot;size&quot;:&quot;&quot;,&quot;sizes&quot;:[]},&quot;premium_gallery_image_vcell_tablet&quot;:{&quot;unit&quot;:&quot;px&quot;,&quot;size&quot;:&quot;&quot;,&quot;sizes&quot;:[]},&quot;premium_gallery_image_vcell_mobile&quot;:{&quot;unit&quot;:&quot;px&quot;,&quot;size&quot;:&quot;&quot;,&quot;sizes&quot;:[]},&quot;premium_gallery_video&quot;:&quot;&quot;,&quot;premium_gallery_video_type&quot;:null,&quot;premium_gallery_video_url&quot;:null,&quot;premium_gallery_video_self&quot;:null,&quot;premium_gallery_video_self_url&quot;:null,&quot;premium_gallery_video_controls&quot;:null,&quot;premium_gallery_video_mute&quot;:null,&quot;premium_gallery_video_loop&quot;:null,&quot;download_button&quot;:null,&quot;privacy_mode&quot;:null,&quot;premmium_gallery_img_info&quot;:&quot;&quot;,&quot;premium_gallery_img_desc&quot;:&quot;&quot;,&quot;premium_gallery_img_link&quot;:null,&quot;premium_gallery_lightbox_whole&quot;:&quot;&quot;},{&quot;premium_gallery_img_name&quot;:&quot;2022&quot;,&quot;premium_gallery_img_category&quot;:&quot;Category 1&quot;,&quot;premium_gallery_img&quot;:{&quot;url&quot;:&quot;https:\\\/\\\/www.conexionesculturales.com\\\/en\\\/wp-content\\\/uploads\\\/2022\\\/10\\\/logocolor.png&quot;,&quot;id&quot;:1036,&quot;size&quot;:&quot;&quot;,&quot;alt&quot;:&quot;&quot;,&quot;source&quot;:&quot;library&quot;},&quot;premium_gallery_image_cell&quot;:{&quot;unit&quot;:&quot;px&quot;,&quot;size&quot;:1,&quot;sizes&quot;:[]},&quot;premium_gallery_image_vcell&quot;:{&quot;unit&quot;:&quot;px&quot;,&quot;size&quot;:1,&quot;sizes&quot;:[]},&quot;premium_gallery_img_link_type&quot;:&quot;link&quot;,&quot;premium_gallery_img_existing&quot;:&quot;1033&quot;,&quot;premium_gallery_link_whole&quot;:&quot;yes&quot;,&quot;_id&quot;:&quot;6df2b7a&quot;,&quot;premium_gallery_image_cell_tablet&quot;:{&quot;unit&quot;:&quot;px&quot;,&quot;size&quot;:&quot;&quot;,&quot;sizes&quot;:[]},&quot;premium_gallery_image_cell_mobile&quot;:{&quot;unit&quot;:&quot;px&quot;,&quot;size&quot;:&quot;&quot;,&quot;sizes&quot;:[]},&quot;premium_gallery_image_vcell_tablet&quot;:{&quot;unit&quot;:&quot;px&quot;,&quot;size&quot;:&quot;&quot;,&quot;sizes&quot;:[]},&quot;premium_gallery_image_vcell_mobile&quot;:{&quot;unit&quot;:&quot;px&quot;,&quot;size&quot;:&quot;&quot;,&quot;sizes&quot;:[]},&quot;premium_gallery_video&quot;:&quot;&quot;,&quot;premium_gallery_video_type&quot;:null,&quot;premium_gallery_video_url&quot;:null,&quot;premium_gallery_video_self&quot;:null,&quot;premium_gallery_video_self_url&quot;:null,&quot;premium_gallery_video_controls&quot;:null,&quot;premium_gallery_video_mute&quot;:null,&quot;premium_gallery_video_loop&quot;:null,&quot;download_button&quot;:null,&quot;privacy_mode&quot;:null,&quot;premmium_gallery_img_info&quot;:&quot;&quot;,&quot;premium_gallery_img_desc&quot;:&quot;&quot;,&quot;premium_gallery_img_link&quot;:null,&quot;premium_gallery_lightbox_whole&quot;:&quot;&quot;}],&quot;_animation&quot;:&quot;fadeInUp&quot;}\" data-widget_type=\"premium-img-gallery.default\">\n\t\t\t\t<div class=\"elementor-widget-container\">\n\t\t\t\n\t<div class=\"premium-img-gallery-no-lightbox elementor-invisible premium-img-gallery premium-img-gallery-fitRows zoomin premium-gallery-icon-show\" id=\"premium-img-gallery-36f53ff\">\n\t\t\n\t\t<div class=\"premium-gallery-container\" data-settings=\"{&quot;img_size&quot;:&quot;fitRows&quot;,&quot;filter&quot;:&quot;&quot;,&quot;theme&quot;:null,&quot;active_cat&quot;:&quot;*&quot;,&quot;ltr_mode&quot;:true,&quot;shuffle&quot;:false,&quot;sort_by&quot;:&quot;original-order&quot;,&quot;skin&quot;:&quot;style1&quot;}\">\n\n\t\t\t\t\t\t\t<div class=\"premium-gallery-item elementor-repeater-item-c1ae1b7 category-1\">\n\t\t\t\t<div class=\"pa-gallery-img style1\" onclick=\"\">\n\t\t\t\t\t<div class=\"pa-gallery-img-container\">\n\t\t\t\t\t\t\t\t<img fetchpriority=\"high\" decoding=\"async\" width=\"1080\" height=\"1080\" src=\"https:\/\/www.conexionesculturales.com\/en\/wp-content\/uploads\/2022\/10\/logo2021.png\" class=\"attachment-full size-full wp-image-1041\" alt=\"\" srcset=\"https:\/\/www.conexionesculturales.com\/en\/wp-content\/uploads\/2022\/10\/logo2021.png 1080w, https:\/\/www.conexionesculturales.com\/en\/wp-content\/uploads\/2022\/10\/logo2021-768x768.png 768w, https:\/\/www.conexionesculturales.com\/en\/wp-content\/uploads\/2022\/10\/logo2021-500x500.png 500w\" sizes=\"(max-width: 1080px) 100vw, 1080px\" \/>\t\t\t\t\t\t\t<\/div>\n\t\t\t\t\t\t\t\t\t\t\t\t<div class=\"pa-gallery-icons-wrapper\">\n\t\t\t\t\t\t\t\t<div class=\"pa-gallery-icons-inner-container\">\n\t\t\t\t\t\t\t\t\t\t\t\t\t\t\t\t\t<\/div>\n\t\t\t\t\t\t\t<\/div>\n\t\t\t\t\t\t\t\t\t\t<div class=\"premium-gallery-caption\">\n\n\t\t\t\t\t\t\t\t\t<span class=\"premium-gallery-img-name\">2021<\/span>\n\t\t\t\t\t\n\t\t\t<\/div>\n\t\t\t\t\t\t\t\t\t\t<a class=\"pa-gallery-whole-link\" href=\"https:\/\/www.conexionesculturales.com\/en\/conexionsonica2021\/\">\n\t\t\t\t\t\t\t\t<span>\n\t\t\t\t\t\t\t\t\t2021\t\t\t\t\t\t\t\t<\/span>\n\t\t\t\t\t\t\t<\/a>\n\t\t\t\t\t\t\t\t\t\t\t<\/div>\n\t\t\t<\/div>\n\t\t\t\t\t\t\t<div class=\"premium-gallery-item elementor-repeater-item-6df2b7a category-1\">\n\t\t\t\t<div class=\"pa-gallery-img style1\" onclick=\"\">\n\t\t\t\t\t<div class=\"pa-gallery-img-container\">\n\t\t\t\t\t\t\t\t<img decoding=\"async\" width=\"1080\" height=\"1080\" src=\"https:\/\/www.conexionesculturales.com\/en\/wp-content\/uploads\/2022\/10\/logocolor.png\" class=\"attachment-full size-full wp-image-1036\" alt=\"\" srcset=\"https:\/\/www.conexionesculturales.com\/en\/wp-content\/uploads\/2022\/10\/logocolor.png 1080w, https:\/\/www.conexionesculturales.com\/en\/wp-content\/uploads\/2022\/10\/logocolor-768x768.png 768w, https:\/\/www.conexionesculturales.com\/en\/wp-content\/uploads\/2022\/10\/logocolor-500x500.png 500w\" sizes=\"(max-width: 1080px) 100vw, 1080px\" \/>\t\t\t\t\t\t\t<\/div>\n\t\t\t\t\t\t\t\t\t\t\t\t<div class=\"pa-gallery-icons-wrapper\">\n\t\t\t\t\t\t\t\t<div class=\"pa-gallery-icons-inner-container\">\n\t\t\t\t\t\t\t\t\t\t\t\t\t\t\t\t\t<\/div>\n\t\t\t\t\t\t\t<\/div>\n\t\t\t\t\t\t\t\t\t\t<div class=\"premium-gallery-caption\">\n\n\t\t\t\t\t\t\t\t\t<span class=\"premium-gallery-img-name\">2022<\/span>\n\t\t\t\t\t\n\t\t\t<\/div>\n\t\t\t\t\t\t\t\t\t\t<a class=\"pa-gallery-whole-link\" href=\"https:\/\/www.conexionesculturales.com\/en\/conexion-sonica-2022\/\">\n\t\t\t\t\t\t\t\t<span>\n\t\t\t\t\t\t\t\t\t2022\t\t\t\t\t\t\t\t<\/span>\n\t\t\t\t\t\t\t<\/a>\n\t\t\t\t\t\t\t\t\t\t\t<\/div>\n\t\t\t<\/div>\n\t\t\t\n\t\t\t\t\t<\/div>\n\n\t\t\n\t<\/div>\n\n\t\t\n\t\t\n\t\t\t\t<\/div>\n\t\t\t\t<\/div>\n\t\t\t\t\t<\/div>\n\t\t<\/div>\n\t\t\t\t\t<\/div>\n\t\t<\/section>\n\t\t\t\t<\/div>\n\t\t","protected":false},"excerpt":{"rendered":"<p>Conexi\u00f3n S\u00f3nica Virtual Festival of the network Conexi\u00f3n S\u00f3nica is the brand through which we carry out collaborative actions to develop communication channels and strategies to link audiences at a regional level. It began as a virtual festival of the Conexiones Culturales de Latinoam\u00e9rica network, which sought to be a space for the dissemination of [&hellip;]<\/p>\n","protected":false},"author":2,"featured_media":0,"parent":0,"menu_order":0,"comment_status":"closed","ping_status":"closed","template":"","meta":{"_acf_changed":false,"footnotes":""},"class_list":["post-1016","page","type-page","status-publish","hentry"],"acf":[],"_links":{"self":[{"href":"https:\/\/www.conexionesculturales.com\/en\/wp-json\/wp\/v2\/pages\/1016","targetHints":{"allow":["GET"]}}],"collection":[{"href":"https:\/\/www.conexionesculturales.com\/en\/wp-json\/wp\/v2\/pages"}],"about":[{"href":"https:\/\/www.conexionesculturales.com\/en\/wp-json\/wp\/v2\/types\/page"}],"author":[{"embeddable":true,"href":"https:\/\/www.conexionesculturales.com\/en\/wp-json\/wp\/v2\/users\/2"}],"replies":[{"embeddable":true,"href":"https:\/\/www.conexionesculturales.com\/en\/wp-json\/wp\/v2\/comments?post=1016"}],"version-history":[{"count":10,"href":"https:\/\/www.conexionesculturales.com\/en\/wp-json\/wp\/v2\/pages\/1016\/revisions"}],"predecessor-version":[{"id":1388,"href":"https:\/\/www.conexionesculturales.com\/en\/wp-json\/wp\/v2\/pages\/1016\/revisions\/1388"}],"wp:attachment":[{"href":"https:\/\/www.conexionesculturales.com\/en\/wp-json\/wp\/v2\/media?parent=1016"}],"curies":[{"name":"wp","href":"https:\/\/api.w.org\/{rel}","templated":true}]}}